{"id":31,"date":"2015-02-23T15:38:01","date_gmt":"2015-02-23T15:38:01","guid":{"rendered":"http:\/\/100x100.net\/?page_id=31"},"modified":"2022-03-02T14:25:53","modified_gmt":"2022-03-02T14:25:53","slug":"inicio","status":"publish","type":"page","link":"https:\/\/100x100.net\/ca\/","title":{"rendered":"Inici"},"content":{"rendered":"<p>Es<\/p>\n","protected":false},"excerpt":{"rendered":"<p>Es<\/p>\n","protected":false},"author":1,"featured_media":0,"parent":0,"menu_order":0,"comment_status":"open","ping_status":"open","template":"front-page.php","meta":{"_acf_changed":false,"footnotes":""},"class_list":["post-31","page","type-page","status-publish","hentry"],"acf":[],"yoast_head":"<!-- This site is optimized with the Yoast SEO plugin v27.1.1 - https:\/\/yoast.com\/product\/yoast-seo-wordpress\/ -->\n<title>100x100net - Ag\u00e8ncia de Publicitat Digital i Nous Formats<\/title>\n<meta name=\"description\" content=\"Desenvolupem la teva pr\u00e8sencia a Internet a partir de nous formats de comunicaci\u00f3, des de m\u00e0rqueting interactiu fins a webs o webapps.\" \/>\n<meta name=\"robots\" content=\"index, follow, max-snippet:-1, max-image-preview:large, max-video-preview:-1\" \/>\n<link rel=\"canonical\" href=\"https:\/\/100x100.net\/ca\/\" \/>\n<meta property=\"og:locale\" content=\"ca_ES\" \/>\n<meta property=\"og:type\" content=\"article\" \/>\n<meta property=\"og:title\" content=\"100x100net - Ag\u00e8ncia de Publicitat Digital i Nous Formats\" \/>\n<meta property=\"og:description\" content=\"Desenvolupem la teva pr\u00e8sencia a Internet a partir de nous formats de comunicaci\u00f3, des de m\u00e0rqueting interactiu fins a webs o webapps.\" \/>\n<meta property=\"og:url\" content=\"https:\/\/100x100.net\/ca\/\" \/>\n<meta property=\"og:site_name\" content=\"100x100\" \/>\n<meta property=\"article:modified_time\" content=\"2022-03-02T14:25:53+00:00\" \/>\n<meta name=\"twitter:card\" content=\"summary_large_image\" \/>\n<script type=\"application\/ld+json\" class=\"yoast-schema-graph\">{\"@context\":\"https:\/\/schema.org\",\"@graph\":[{\"@type\":\"WebPage\",\"@id\":\"https:\/\/100x100.net\/ca\/\",\"url\":\"https:\/\/100x100.net\/ca\/\",\"name\":\"100x100net - Ag\u00e8ncia de Publicitat Digital i Nous Formats\",\"isPartOf\":{\"@id\":\"https:\/\/100x100.net\/ca\/#website\"},\"datePublished\":\"2015-02-23T15:38:01+00:00\",\"dateModified\":\"2022-03-02T14:25:53+00:00\",\"description\":\"Desenvolupem la teva pr\u00e8sencia a Internet a partir de nous formats de comunicaci\u00f3, des de m\u00e0rqueting interactiu fins a webs o webapps.\",\"breadcrumb\":{\"@id\":\"https:\/\/100x100.net\/ca\/#breadcrumb\"},\"inLanguage\":\"ca\",\"potentialAction\":[{\"@type\":\"ReadAction\",\"target\":[\"https:\/\/100x100.net\/ca\/\"]}]},{\"@type\":\"BreadcrumbList\",\"@id\":\"https:\/\/100x100.net\/ca\/#breadcrumb\",\"itemListElement\":[{\"@type\":\"ListItem\",\"position\":1,\"name\":\"Portada\",\"item\":\"https:\/\/100x100.net\/ca\/\"},{\"@type\":\"ListItem\",\"position\":2,\"name\":\"Inici\"}]},{\"@type\":\"WebSite\",\"@id\":\"https:\/\/100x100.net\/ca\/#website\",\"url\":\"https:\/\/100x100.net\/ca\/\",\"name\":\"100x100\",\"description\":\"Agencia de comunicaci\u00f3n y desarrollo web\",\"potentialAction\":[{\"@type\":\"SearchAction\",\"target\":{\"@type\":\"EntryPoint\",\"urlTemplate\":\"https:\/\/100x100.net\/ca\/?s={search_term_string}\"},\"query-input\":{\"@type\":\"PropertyValueSpecification\",\"valueRequired\":true,\"valueName\":\"search_term_string\"}}],\"inLanguage\":\"ca\"}]}<\/script>\n<!-- \/ Yoast SEO plugin. -->","yoast_head_json":{"title":"100x100net - Ag\u00e8ncia de Publicitat Digital i Nous Formats","description":"Desenvolupem la teva pr\u00e8sencia a Internet a partir de nous formats de comunicaci\u00f3, des de m\u00e0rqueting interactiu fins a webs o webapps.","robots":{"index":"index","follow":"follow","max-snippet":"max-snippet:-1","max-image-preview":"max-image-preview:large","max-video-preview":"max-video-preview:-1"},"canonical":"https:\/\/100x100.net\/ca\/","og_locale":"ca_ES","og_type":"article","og_title":"100x100net - Ag\u00e8ncia de Publicitat Digital i Nous Formats","og_description":"Desenvolupem la teva pr\u00e8sencia a Internet a partir de nous formats de comunicaci\u00f3, des de m\u00e0rqueting interactiu fins a webs o webapps.","og_url":"https:\/\/100x100.net\/ca\/","og_site_name":"100x100","article_modified_time":"2022-03-02T14:25:53+00:00","twitter_card":"summary_large_image","schema":{"@context":"https:\/\/schema.org","@graph":[{"@type":"WebPage","@id":"https:\/\/100x100.net\/ca\/","url":"https:\/\/100x100.net\/ca\/","name":"100x100net - Ag\u00e8ncia de Publicitat Digital i Nous Formats","isPartOf":{"@id":"https:\/\/100x100.net\/ca\/#website"},"datePublished":"2015-02-23T15:38:01+00:00","dateModified":"2022-03-02T14:25:53+00:00","description":"Desenvolupem la teva pr\u00e8sencia a Internet a partir de nous formats de comunicaci\u00f3, des de m\u00e0rqueting interactiu fins a webs o webapps.","breadcrumb":{"@id":"https:\/\/100x100.net\/ca\/#breadcrumb"},"inLanguage":"ca","potentialAction":[{"@type":"ReadAction","target":["https:\/\/100x100.net\/ca\/"]}]},{"@type":"BreadcrumbList","@id":"https:\/\/100x100.net\/ca\/#breadcrumb","itemListElement":[{"@type":"ListItem","position":1,"name":"Portada","item":"https:\/\/100x100.net\/ca\/"},{"@type":"ListItem","position":2,"name":"Inici"}]},{"@type":"WebSite","@id":"https:\/\/100x100.net\/ca\/#website","url":"https:\/\/100x100.net\/ca\/","name":"100x100","description":"Agencia de comunicaci\u00f3n y desarrollo web","potentialAction":[{"@type":"SearchAction","target":{"@type":"EntryPoint","urlTemplate":"https:\/\/100x100.net\/ca\/?s={search_term_string}"},"query-input":{"@type":"PropertyValueSpecification","valueRequired":true,"valueName":"search_term_string"}}],"inLanguage":"ca"}]}},"_links":{"self":[{"href":"https:\/\/100x100.net\/ca\/wp-json\/wp\/v2\/pages\/31","targetHints":{"allow":["GET"]}}],"collection":[{"href":"https:\/\/100x100.net\/ca\/wp-json\/wp\/v2\/pages"}],"about":[{"href":"https:\/\/100x100.net\/ca\/wp-json\/wp\/v2\/types\/page"}],"author":[{"embeddable":true,"href":"https:\/\/100x100.net\/ca\/wp-json\/wp\/v2\/users\/1"}],"replies":[{"embeddable":true,"href":"https:\/\/100x100.net\/ca\/wp-json\/wp\/v2\/comments?post=31"}],"version-history":[{"count":1,"href":"https:\/\/100x100.net\/ca\/wp-json\/wp\/v2\/pages\/31\/revisions"}],"predecessor-version":[{"id":1551,"href":"https:\/\/100x100.net\/ca\/wp-json\/wp\/v2\/pages\/31\/revisions\/1551"}],"wp:attachment":[{"href":"https:\/\/100x100.net\/ca\/wp-json\/wp\/v2\/media?parent=31"}],"curies":[{"name":"wp","href":"https:\/\/api.w.org\/{rel}","templated":true}]}}